{"id":1018,"date":"2023-12-03T13:56:58","date_gmt":"2023-12-03T10:56:58","guid":{"rendered":"https:\/\/batitrakya.live\/index.php\/tiehome\/"},"modified":"2025-12-01T17:27:39","modified_gmt":"2025-12-01T14:27:39","slug":"tiehome","status":"publish","type":"page","link":"https:\/\/batitrakya.live\/","title":{"rendered":"Bat\u0131 Trakyam Haber"},"content":{"rendered":"\n<p>Bat\u0131 Trakyam Haber | Bat\u0131 Trakya Haber | Bat\u0131 Trakya Haberler | Yunanistan Haber<\/p>\n\n\n\n<p>Bat\u0131 Trakyan\u0131n internetteki sesi..<\/p>\n","protected":false},"excerpt":{"rendered":"<p>Bat\u0131 Trakyam Haber | Bat\u0131 Trakya Haber | Bat\u0131 Trakya Haberler | Yunanistan Haber Bat\u0131 Trakyan\u0131n internetteki sesi..<\/p>\n","protected":false},"author":1,"featured_media":32848,"parent":0,"menu_order":0,"comment_status":"closed","ping_status":"closed","template":"","meta":{"footnotes":""},"class_list":["post-1018","page","type-page","status-publish","has-post-thumbnail","hentry"],"yoast_head":"<!-- This site is optimized with the Yoast SEO Premium plugin v26.3 (Yoast SEO v27.3) - https:\/\/yoast.com\/product\/yoast-seo-premium-wordpress\/ -->\n<title>Bat\u0131 Trakyam Haber - Bat\u0131 Trakya Haber<\/title>\n<meta name=\"description\" content=\"Bat\u0131 Trakyam Haber | Bat\u0131 Trakya Haber | Bat\u0131 Trakya Haberler | Yunanistan Haber\" \/>\n<meta name=\"robots\" content=\"index, follow, max-snippet:-1, max-image-preview:large, max-video-preview:-1\" \/>\n<link rel=\"canonical\" href=\"https:\/\/batitrakya.live\/\" \/>\n<meta property=\"og:locale\" content=\"tr_TR\" \/>\n<meta property=\"og:type\" content=\"article\" \/>\n<meta property=\"og:title\" content=\"Bat\u0131 Trakyam Haber\" \/>\n<meta property=\"og:description\" content=\"Bat\u0131 Trakyam Haber | Bat\u0131 Trakya Haber | Bat\u0131 Trakya Haberler | Yunanistan Haber\" \/>\n<meta property=\"og:url\" content=\"https:\/\/batitrakya.live\/\" \/>\n<meta property=\"og:site_name\" content=\"Bat\u0131 Trakya Haber\" \/>\n<meta property=\"article:modified_time\" content=\"2025-12-01T14:27:39+00:00\" \/>\n<meta property=\"og:image\" content=\"https:\/\/batitrakya.live\/wp-content\/uploads\/2021\/02\/cropped-yeni_bati2.png\" \/>\n\t<meta property=\"og:image:width\" content=\"147\" \/>\n\t<meta property=\"og:image:height\" content=\"40\" \/>\n\t<meta property=\"og:image:type\" content=\"image\/png\" \/>\n<meta name=\"twitter:card\" content=\"summary_large_image\" \/>\n<meta name=\"twitter:label1\" content=\"Tahmini okuma s\u00fcresi\" \/>\n\t<meta name=\"twitter:data1\" content=\"1 dakika\" \/>\n<script type=\"application\/ld+json\" class=\"yoast-schema-graph\">{\"@context\":\"https:\\\/\\\/schema.org\",\"@graph\":[{\"@type\":\"WebPage\",\"@id\":\"https:\\\/\\\/batitrakya.live\\\/\",\"url\":\"https:\\\/\\\/batitrakya.live\\\/\",\"name\":\"Bat\u0131 Trakyam Haber - Bat\u0131 Trakya Haber\",\"isPartOf\":{\"@id\":\"https:\\\/\\\/batitrakya.live\\\/#website\"},\"primaryImageOfPage\":{\"@id\":\"https:\\\/\\\/batitrakya.live\\\/#primaryimage\"},\"image\":{\"@id\":\"https:\\\/\\\/batitrakya.live\\\/#primaryimage\"},\"thumbnailUrl\":\"https:\\\/\\\/batitrakya.live\\\/wp-content\\\/uploads\\\/2021\\\/02\\\/cropped-yeni_bati2.png\",\"datePublished\":\"2023-12-03T10:56:58+00:00\",\"dateModified\":\"2025-12-01T14:27:39+00:00\",\"description\":\"Bat\u0131 Trakyam Haber | Bat\u0131 Trakya Haber | Bat\u0131 Trakya Haberler | Yunanistan Haber\",\"breadcrumb\":{\"@id\":\"https:\\\/\\\/batitrakya.live\\\/#breadcrumb\"},\"inLanguage\":\"tr\",\"potentialAction\":[{\"@type\":\"ReadAction\",\"target\":[\"https:\\\/\\\/batitrakya.live\\\/\"]}]},{\"@type\":\"ImageObject\",\"inLanguage\":\"tr\",\"@id\":\"https:\\\/\\\/batitrakya.live\\\/#primaryimage\",\"url\":\"https:\\\/\\\/batitrakya.live\\\/wp-content\\\/uploads\\\/2021\\\/02\\\/cropped-yeni_bati2.png\",\"contentUrl\":\"https:\\\/\\\/batitrakya.live\\\/wp-content\\\/uploads\\\/2021\\\/02\\\/cropped-yeni_bati2.png\",\"width\":147,\"height\":40},{\"@type\":\"BreadcrumbList\",\"@id\":\"https:\\\/\\\/batitrakya.live\\\/#breadcrumb\",\"itemListElement\":[{\"@type\":\"ListItem\",\"position\":1,\"name\":\"Anasayfa\",\"item\":\"https:\\\/\\\/batitrakya.live\\\/\"},{\"@type\":\"ListItem\",\"position\":2,\"name\":\"Bat\u0131 Trakyam Haber\"}]},{\"@type\":\"WebSite\",\"@id\":\"https:\\\/\\\/batitrakya.live\\\/#website\",\"url\":\"https:\\\/\\\/batitrakya.live\\\/\",\"name\":\"Bat\u0131 Trakya Haber\",\"description\":\"Bat\u0131 Trakyan\u0131n internetteki sesi..\",\"potentialAction\":[{\"@type\":\"SearchAction\",\"target\":{\"@type\":\"EntryPoint\",\"urlTemplate\":\"https:\\\/\\\/batitrakya.live\\\/?s={search_term_string}\"},\"query-input\":{\"@type\":\"PropertyValueSpecification\",\"valueRequired\":true,\"valueName\":\"search_term_string\"}}],\"inLanguage\":\"tr\"}]}<\/script>\n<!-- \/ Yoast SEO Premium plugin. -->","yoast_head_json":{"title":"Bat\u0131 Trakyam Haber - Bat\u0131 Trakya Haber","description":"Bat\u0131 Trakyam Haber | Bat\u0131 Trakya Haber | Bat\u0131 Trakya Haberler | Yunanistan Haber","robots":{"index":"index","follow":"follow","max-snippet":"max-snippet:-1","max-image-preview":"max-image-preview:large","max-video-preview":"max-video-preview:-1"},"canonical":"https:\/\/batitrakya.live\/","og_locale":"tr_TR","og_type":"article","og_title":"Bat\u0131 Trakyam Haber","og_description":"Bat\u0131 Trakyam Haber | Bat\u0131 Trakya Haber | Bat\u0131 Trakya Haberler | Yunanistan Haber","og_url":"https:\/\/batitrakya.live\/","og_site_name":"Bat\u0131 Trakya Haber","article_modified_time":"2025-12-01T14:27:39+00:00","og_image":[{"width":147,"height":40,"url":"https:\/\/batitrakya.live\/wp-content\/uploads\/2021\/02\/cropped-yeni_bati2.png","type":"image\/png"}],"twitter_card":"summary_large_image","twitter_misc":{"Tahmini okuma s\u00fcresi":"1 dakika"},"schema":{"@context":"https:\/\/schema.org","@graph":[{"@type":"WebPage","@id":"https:\/\/batitrakya.live\/","url":"https:\/\/batitrakya.live\/","name":"Bat\u0131 Trakyam Haber - Bat\u0131 Trakya Haber","isPartOf":{"@id":"https:\/\/batitrakya.live\/#website"},"primaryImageOfPage":{"@id":"https:\/\/batitrakya.live\/#primaryimage"},"image":{"@id":"https:\/\/batitrakya.live\/#primaryimage"},"thumbnailUrl":"https:\/\/batitrakya.live\/wp-content\/uploads\/2021\/02\/cropped-yeni_bati2.png","datePublished":"2023-12-03T10:56:58+00:00","dateModified":"2025-12-01T14:27:39+00:00","description":"Bat\u0131 Trakyam Haber | Bat\u0131 Trakya Haber | Bat\u0131 Trakya Haberler | Yunanistan Haber","breadcrumb":{"@id":"https:\/\/batitrakya.live\/#breadcrumb"},"inLanguage":"tr","potentialAction":[{"@type":"ReadAction","target":["https:\/\/batitrakya.live\/"]}]},{"@type":"ImageObject","inLanguage":"tr","@id":"https:\/\/batitrakya.live\/#primaryimage","url":"https:\/\/batitrakya.live\/wp-content\/uploads\/2021\/02\/cropped-yeni_bati2.png","contentUrl":"https:\/\/batitrakya.live\/wp-content\/uploads\/2021\/02\/cropped-yeni_bati2.png","width":147,"height":40},{"@type":"BreadcrumbList","@id":"https:\/\/batitrakya.live\/#breadcrumb","itemListElement":[{"@type":"ListItem","position":1,"name":"Anasayfa","item":"https:\/\/batitrakya.live\/"},{"@type":"ListItem","position":2,"name":"Bat\u0131 Trakyam Haber"}]},{"@type":"WebSite","@id":"https:\/\/batitrakya.live\/#website","url":"https:\/\/batitrakya.live\/","name":"Bat\u0131 Trakya Haber","description":"Bat\u0131 Trakyan\u0131n internetteki sesi..","potentialAction":[{"@type":"SearchAction","target":{"@type":"EntryPoint","urlTemplate":"https:\/\/batitrakya.live\/?s={search_term_string}"},"query-input":{"@type":"PropertyValueSpecification","valueRequired":true,"valueName":"search_term_string"}}],"inLanguage":"tr"}]}},"_links":{"self":[{"href":"https:\/\/batitrakya.live\/index.php\/wp-json\/wp\/v2\/pages\/1018","targetHints":{"allow":["GET"]}}],"collection":[{"href":"https:\/\/batitrakya.live\/index.php\/wp-json\/wp\/v2\/pages"}],"about":[{"href":"https:\/\/batitrakya.live\/index.php\/wp-json\/wp\/v2\/types\/page"}],"author":[{"embeddable":true,"href":"https:\/\/batitrakya.live\/index.php\/wp-json\/wp\/v2\/users\/1"}],"replies":[{"embeddable":true,"href":"https:\/\/batitrakya.live\/index.php\/wp-json\/wp\/v2\/comments?post=1018"}],"version-history":[{"count":5,"href":"https:\/\/batitrakya.live\/index.php\/wp-json\/wp\/v2\/pages\/1018\/revisions"}],"predecessor-version":[{"id":42683,"href":"https:\/\/batitrakya.live\/index.php\/wp-json\/wp\/v2\/pages\/1018\/revisions\/42683"}],"wp:featuredmedia":[{"embeddable":true,"href":"https:\/\/batitrakya.live\/index.php\/wp-json\/wp\/v2\/media\/32848"}],"wp:attachment":[{"href":"https:\/\/batitrakya.live\/index.php\/wp-json\/wp\/v2\/media?parent=1018"}],"curies":[{"name":"wp","href":"https:\/\/api.w.org\/{rel}","templated":true}]}}